{"id":346,"date":"2018-04-17T23:44:57","date_gmt":"2018-04-17T20:44:57","guid":{"rendered":"http:\/\/aurynf.eu\/?page_id=346"},"modified":"2023-07-30T19:46:26","modified_gmt":"2023-07-30T16:46:26","slug":"behind-the-lens","status":"publish","type":"page","link":"https:\/\/aurynf.eu\/fr\/","title":{"rendered":"Derri\u00e8re l'objectif"},"content":{"rendered":"<h1 style=\"text-align: center;\"><em><span style=\"color: #33cccc;\">\u2022 Biographie \u2022<\/span><\/em><\/h1>\n<p class=\"p1\"><span style=\"color: #33cccc;\"><strong>B<\/strong><\/span>onjour \u00e0 tous et bienvenue. Je m\u2019appelle <em>St\u00e9phanie<\/em>,  je suis une photographe belge vivant \u00e0 Ath\u00e8nes depuis <em>octobre<\/em> 2018.<\/p>\n<p class=\"p1\"><span style=\"color: #33cccc;\"><strong>S<\/strong><\/span>oyons honn\u00eates d\u00e8s le d\u00e9but, je ne vais pas vous brandir un dipl\u00f4me en photographie car je n\u2019en ai pas. J\u2019ai \u00e9tudi\u00e9 les principes de base \u00e0 l\u2019\u00e9cole d\u2019Art quand j\u2019avais 16 ans, mais j\u2019ai surtout appris par moi-m\u00eame sur le terrain.\nJe suis d'ailleurs persuad\u00e9e que la meilleure m\u00e9thode d\u2019apprentissage et d\u2019\u00e9volution reste la pratique intensive et l\u2019exp\u00e9rimentation.<\/p>\n<p class=\"p1\"><span style=\"color: #33cccc;\"><strong>M<\/strong><\/span>on coin de jeu pr\u00e9f\u00e9r\u00e9 est <em>la rue<\/em>. Je trouve qu\u2019il s\u2019en d\u00e9gage une po\u00e9sie, omnipr\u00e9sente mais subtile, que seul un oeil avis\u00e9 pourra saisir correctement.\nTravailler en noir et blanc est mon p\u00e9ch\u00e9 mignon mais j\u2019aime aussi rendre hommage \u00e0 la couleur quand le sujet s\u2019y pr\u00eate.<br>J'ajouterais que depuis mon expatriation en Gr\u00e8ce, je prends \u00e9galement un r\u00e9el plaisir dans la photographie de paysages.<\/p>\n<p class=\"p1\"><strong><span style=\"color: #33cccc;\">V<\/span><\/strong>oil\u00e0, vous en savez un peu plus sur l'oeil derri\u00e8re le viseur, toujours \u00e0 la recherche du moment magique et que l'on peut r\u00e9sumer par : d\u00e9clencher, cr\u00e9er !<\/p>\n<p>&nbsp;<\/p>\n<h1 style=\"text-align: center;\"><em><span style=\"color: #33cccc;\">\u2022 Expositions \u2013 Collaborations \u2022<\/span><span style=\"text-decoration: underline;\"><span style=\"color: #33cccc; text-decoration: underline;\"><br><\/span><\/span><\/em><\/h1>\n\n\n<p>2022<\/p>\n\n\n\n<ul class=\"wp-block-list\">\n<li><a href=\"https:\/\/soulbreeze.org\/\" target=\"_blank\" rel=\"noreferrer noopener\">Soulbreeze Yoga Retreat<\/a><a href=\"http:\/\/www.cipfestival.com\/\" target=\"_blank\" rel=\"noreferrer noopener\"> <\/a>&#8211; <em>The Goddess Within<\/em> &#8211; Antiparos (GR)<\/li>\n<\/ul>\n\n\n\n<p><\/p>\n\n\n\n<p>2021<\/p>\n\n\n\n<ul class=\"wp-block-list\">\n<li><a href=\"https:\/\/soulbreeze.org\/\" target=\"_blank\" rel=\"noreferrer noopener\">Soulbreeze Yoga Retreat<\/a><a href=\"http:\/\/www.cipfestival.com\/\" target=\"_blank\" rel=\"noreferrer noopener\"> <\/a>&#8211; <em>Flow Like The Ocean<\/em> &#8211; Athens Coast (GR)<\/li>\n<\/ul>\n\n\n\n<p><\/p>\n\n\n\n<p>2019<\/p>\n\n\n\n<ul class=\"wp-block-list\">\n<li><a href=\"http:\/\/www.cipfestival.com\/\" target=\"_blank\" rel=\"noreferrer noopener\">CIP Festival<\/a> &#8211; Crete (GR)<\/li>\n\n\n\n<li>Eleusis 2021 European Music Day (GR)<\/li>\n\n\n\n<li>Street Painting Team &#8211; Matala Street Painting Event (GR)<\/li>\n\n\n\n<li>Green Kukunari &#8211; Shop &amp; Vegan restaurant &#8211; Crete (GR)<\/li>\n\n\n\n<li><a aria-label=\"Blank Wall Gallery - Landscape (GR) (s\u2019ouvre dans un nouvel onglet)\" href=\"http:\/\/www.blankwallgallery.com\/exhibition-landscapes-2019\/\" target=\"_blank\" rel=\"noreferrer noopener\">Blank Wall Gallery &#8211; Landscape Exhibition &#8211; Athens (GR)<\/a><\/li>\n\n\n\n<li><a aria-label=\"Blank Wall Gallery - Street (GR) (s\u2019ouvre dans un nouvel onglet)\" href=\"http:\/\/www.blankwallgallery.com\/exhibition-street-photography-2019\/\" target=\"_blank\" rel=\"noreferrer noopener\">Blank Wall Gallery &#8211; Street Exhibition &#8211; Athens (GR)<\/a><\/li>\n\n\n\n<li>Atelier 15  Group exhibition &#8211; <em>C A T A T O N I A<\/em> &#8211; Athens (GR)<\/li>\n<\/ul>\n\n\n\n<h6 class=\"wp-block-heading\"><\/h6>\n\n\n\n<p>2018<\/p>\n\n\n\n<ul class=\"wp-block-list\">\n<li>Urbanact <a rel=\"noreferrer noopener\" aria-label=\"Colors in Greek Islands (s\u2019ouvre dans un nouvel onglet)\" href=\"https:\/\/www.urbanact.gr\/mural-art-projects\/435-%CF%87%CF%81%CF%8E%CE%BC%CE%B1-%CF%83%CF%84%CE%B1-%CE%BD%CE%B7%CF%83%CE%B9%CE%AC-agios-efstratios,-lipsoi,-fourni-leros-islands,-2018.html\" target=\"_blank\">Colors in Greek Islands<\/a> (GR)<\/li>\n\n\n\n<li><a rel=\"noreferrer noopener\" aria-label=\"INNI (s\u2019ouvre dans un nouvel onglet)\" href=\"https:\/\/www.inni-inni.be\/\" target=\"_blank\">INNI<\/a> Refuge pour chats (BE)<\/li>\n\n\n\n<li>Parcours d&#8217;artistes de Saint-Gilles (BE)<\/li>\n<\/ul>","protected":false},"excerpt":{"rendered":"<p>\u2022 Biography \u2022 Hello world, I\u2019m St\u00e9phanie, I\u2019m a Belgian photographer living currently in Athens (GR). I\u2019ve always been fascinated by the stories that a picture can tell and I always wanted to be the first step of the process: the shot. So, I studied &hellip; <a href=\"https:\/\/aurynf.eu\/fr\/\" class=\"more-link\"><span>Continue reading<span class=\"screen-reader-text\">Derri\u00e8re l'objectif<\/span><\/span><\/a><\/p>","protected":false},"author":1,"featured_media":0,"parent":0,"menu_order":0,"comment_status":"closed","ping_status":"closed","template":"","meta":{"ngg_post_thumbnail":0,"footnotes":""},"class_list":["post-346","page","type-page","status-publish","hentry"],"_links":{"self":[{"href":"https:\/\/aurynf.eu\/fr\/wp-json\/wp\/v2\/pages\/346","targetHints":{"allow":["GET"]}}],"collection":[{"href":"https:\/\/aurynf.eu\/fr\/wp-json\/wp\/v2\/pages"}],"about":[{"href":"https:\/\/aurynf.eu\/fr\/wp-json\/wp\/v2\/types\/page"}],"author":[{"embeddable":true,"href":"https:\/\/aurynf.eu\/fr\/wp-json\/wp\/v2\/users\/1"}],"replies":[{"embeddable":true,"href":"https:\/\/aurynf.eu\/fr\/wp-json\/wp\/v2\/comments?post=346"}],"version-history":[{"count":0,"href":"https:\/\/aurynf.eu\/fr\/wp-json\/wp\/v2\/pages\/346\/revisions"}],"wp:attachment":[{"href":"https:\/\/aurynf.eu\/fr\/wp-json\/wp\/v2\/media?parent=346"}],"curies":[{"name":"wp","href":"https:\/\/api.w.org\/{rel}","templated":true}]}}